{"id":349,"date":"2014-01-21T11:06:28","date_gmt":"2014-01-21T11:06:28","guid":{"rendered":"http:\/\/dr-galievsky-mathilde.chirurgiens-dentistes.fr\/blog\/?page_id=349"},"modified":"2014-04-01T09:29:44","modified_gmt":"2014-04-01T09:29:44","slug":"apres-pose-appareillage_orthodontique","status":"publish","type":"page","link":"https:\/\/dr-galievsky-mathilde.chirurgiens-dentistes.fr\/mystaging\/fiches-conseils\/apres-pose-appareillage_orthodontique\/","title":{"rendered":"Apr\u00e8s la pose d&#8217;un appareillage"},"content":{"rendered":"<h1>Les premiers jours avec un appareil orthodontique<\/h1>\n<p id=\"intro_article\">Votre enfant d\u00e9bute un traitement orthodontique et porte maintenant un appareil dentaire pour redresser ses dents ou corriger un d\u00e9calage. Cela demande une p\u00e9riode d\u2019adaptation et un certain nombre de pr\u00e9cautions.<\/p>\n<p>Cet appareil est fixe, c\u2019est-\u00e0-dire qu\u2019il est pr\u00e9sent le jour et la nuit. Il ne peut donc \u00eatre enlev\u00e9 ni pour manger ni pour se laver les dents. Cet appareil est fragile, iI faut donc en prendre grand soin. Ne pas jouer avec et le toucher avec ses doigts. Ne pas se ronger les ongles et ne pas manger d\u2019aliments trop durs ou collants (type caramel mou, ou bonbon tr\u00e8s collant).<\/p>\n<p>Pendant les 2\/3 premiers jours il est fr\u00e9quent de ressentir un peu de g\u00eane ou une difficult\u00e9 pour s\u2019alimenter. C\u2019est normal, ne vous inqui\u00e9tez pas. Si une irritation \u00e0 l\u2019int\u00e9rieur des l\u00e8vres ou des joues est ressentie, utiliser de la cire dentaire. Si les dents sont sensibles et le patient a du mal \u00e0 manger, vous pouvez lui donner le m\u00e9dicament que nous vous avons prescrit.<\/p>\n<h2>Conseils d&#8217;alimentation<\/h2>\n<p>Le premier jour, manger des aliments mous, faciles \u00e0 avaler, qui ne n\u00e9cessite pas une grande mastication. L&#8217;id\u00e9al est de manger de la pur\u00e9e, des p\u00e2tes, des steaks hach\u00e9s&#8230;<br \/>\nLa bouche va s\u2019habituer peu \u00e0 peu \u00e0 l\u2019appareil.<\/p>\n<p><strong>Pendant la dur\u00e9e du traitement, \u00e9viter de consommer :<\/strong><\/p>\n<ul>\n<li>Les fruits durs : noix, amandes, noisettes, cacahu\u00e8tes<\/li>\n<li>Les aliments collants : chewing-gum, caramels, nougats, carambars, r\u00e9glisses\u2026<\/li>\n<li>Les aliments tr\u00e8s sucr\u00e9s, sucettes, sodas\u2026 (risques d&#8217;attaques acides sur les dents avec formation de t\u00e2che marron ou blanch\u00e2tre autour des bagues sur les dents)<\/li>\n<\/ul>\n<p><strong>Attention aussi de ne pas :<\/strong><\/p>\n<ul>\n<li>Croquer dans un sandwich, (prendre un sandwich fait avec du pain de mie plut\u00f4t qu\u2019avec de la baguette), dans une pomme, dans des carottes. Les couper en morceaux. Le fait de se servir de ses dents de devant pour couper les aliments va d\u00e9coller les attaches et donc ralentir le traitement.<\/li>\n<li>Ronger les os de poulet ou les \u00e9pis de ma\u00efs<\/li>\n<li>Mordiller un crayon ou un stylo pendant la classe.<\/li>\n<\/ul>\n<p><strong>Mastiquer doucement<\/strong><\/p>\n<p><strong>Sinon que se passe-t-il ?<\/strong><br \/>\nLes bagues se d\u00e9collent, les fils se tordent et il sera n\u00e9cessaire de r\u00e9parer ou de changer l\u2019appareil.<\/p>\n<p><strong>Une fois ces bonnes habitudes prises votre enfant ne se rendra m\u00eame plus compte qu\u2019il porte un appareil !<\/strong><\/p>\n<h2>Le brossage des dents<\/h2>\n<p>Apr\u00e8s chaque repas se brosser soigneusement les dents, donc trois fois par jour. Les appareils fixes retiennent des d\u00e9bris d\u2019aliments ce qui favorise le d\u00e9veloppement de la plaque dentaire (une substance blanche et collante qui se d\u00e9veloppe sur la dent). Les bact\u00e9ries aiment bien s\u2019installer dans cette plaque, creuser des caries dans la dent et irriter la gencive.<\/p>\n<figure id=\"attachment_158\" aria-describedby=\"caption-attachment-158\" style=\"width: 403px\" class=\"wp-caption aligncenter\"><a href=\"http:\/\/dr-galievsky-mathilde.chirurgiens-dentistes.fr\/mystaging\/fiches-conseils\/apres-pose-appareillage_orthodontique\/capture1\/\" rel=\"attachment wp-att-158\"><img loading=\"lazy\" decoding=\"async\" class=\"size-full wp-image-158\" alt=\"hygi\u00e8ne dentaire et orthodontie\" src=\"http:\/\/dr-galievsky-mathilde.chirurgiens-dentistes.fr\/mystaging\/wp-content\/uploads\/2014\/01\/Capture1.png\" width=\"403\" height=\"270\" srcset=\"https:\/\/dr-galievsky-mathilde.chirurgiens-dentistes.fr\/mystaging\/wp-content\/uploads\/2014\/01\/Capture1.png 403w, https:\/\/dr-galievsky-mathilde.chirurgiens-dentistes.fr\/mystaging\/wp-content\/uploads\/2014\/01\/Capture1-300x200.png 300w\" sizes=\"auto, (max-width: 403px) 100vw, 403px\" \/><\/a><figcaption id=\"caption-attachment-158\" class=\"wp-caption-text\">hygi\u00e8ne dentaire et orthodontie<\/figcaption><\/figure>\n<p>&nbsp;<\/p>\n<p style=\"text-align: center;\">\u00a0<\/p>\n","protected":false},"excerpt":{"rendered":"<p>Les premiers jours avec un appareil orthodontique Votre enfant d\u00e9bute un traitement orthodontique et porte maintenant un appareil dentaire pour redresser ses dents ou corriger un d\u00e9calage. Cela demande une p\u00e9riode d\u2019adaptation et un certain nombre de pr\u00e9cautions. Cet appareil est fixe, c\u2019est-\u00e0-dire qu\u2019il est pr\u00e9sent le jour et la nuit. Il ne peut donc&#8230;<\/p>\n","protected":false},"author":2,"featured_media":0,"parent":59,"menu_order":0,"comment_status":"closed","ping_status":"closed","template":"","meta":{"om_disable_all_campaigns":false,"_monsterinsights_skip_tracking":false,"_monsterinsights_sitenote_active":false,"_monsterinsights_sitenote_note":"","_monsterinsights_sitenote_category":0,"_kad_post_transparent":"","_kad_post_title":"","_kad_post_layout":"","_kad_post_sidebar_id":"","_kad_post_content_style":"","_kad_post_vertical_padding":"","_kad_post_feature":"","_kad_post_feature_position":"","_kad_post_header":false,"_kad_post_footer":false,"footnotes":""},"class_list":["post-349","page","type-page","status-publish","hentry"],"aioseo_notices":[],"_links":{"self":[{"href":"https:\/\/dr-galievsky-mathilde.chirurgiens-dentistes.fr\/mystaging\/wp-json\/wp\/v2\/pages\/349","targetHints":{"allow":["GET"]}}],"collection":[{"href":"https:\/\/dr-galievsky-mathilde.chirurgiens-dentistes.fr\/mystaging\/wp-json\/wp\/v2\/pages"}],"about":[{"href":"https:\/\/dr-galievsky-mathilde.chirurgiens-dentistes.fr\/mystaging\/wp-json\/wp\/v2\/types\/page"}],"author":[{"embeddable":true,"href":"https:\/\/dr-galievsky-mathilde.chirurgiens-dentistes.fr\/mystaging\/wp-json\/wp\/v2\/users\/2"}],"replies":[{"embeddable":true,"href":"https:\/\/dr-galievsky-mathilde.chirurgiens-dentistes.fr\/mystaging\/wp-json\/wp\/v2\/comments?post=349"}],"version-history":[{"count":11,"href":"https:\/\/dr-galievsky-mathilde.chirurgiens-dentistes.fr\/mystaging\/wp-json\/wp\/v2\/pages\/349\/revisions"}],"predecessor-version":[{"id":641,"href":"https:\/\/dr-galievsky-mathilde.chirurgiens-dentistes.fr\/mystaging\/wp-json\/wp\/v2\/pages\/349\/revisions\/641"}],"up":[{"embeddable":true,"href":"https:\/\/dr-galievsky-mathilde.chirurgiens-dentistes.fr\/mystaging\/wp-json\/wp\/v2\/pages\/59"}],"wp:attachment":[{"href":"https:\/\/dr-galievsky-mathilde.chirurgiens-dentistes.fr\/mystaging\/wp-json\/wp\/v2\/media?parent=349"}],"curies":[{"name":"wp","href":"https:\/\/api.w.org\/{rel}","templated":true}]}}