{"id":344,"date":"2014-01-21T11:06:28","date_gmt":"2014-01-21T11:06:28","guid":{"rendered":"http:\/\/dr-galievsky-mathilde.chirurgiens-dentistes.fr\/blog\/?page_id=344"},"modified":"2014-05-18T18:09:07","modified_gmt":"2014-05-18T18:09:07","slug":"traitement_orthodontie_adulte","status":"publish","type":"page","link":"https:\/\/dr-galievsky-mathilde.chirurgiens-dentistes.fr\/mystaging\/fiches-conseils\/traitement_orthodontie_adulte\/","title":{"rendered":"L&#8217;orthodontie de l&#8217;adulte"},"content":{"rendered":"<h1>L&#8217;orthodontie invisible<\/h1>\n<p id=\"intro_article\">Pour les grands adolescents ou les patients adultes le souci d\u2019esth\u00e9tique pendant le traitement est un \u00e9l\u00e9ment majeur \u00e0 prendre en compte.<\/p>\n<p><strong>Cette orthodontie peut se faire de trois mani\u00e8res<\/strong> :<\/p>\n<ul>\n<li><strong>Les attaches orthodontiques transparentes<\/strong>. Ce dispositif est plus discret que les bagues conventionnels mais pas invisible non plus.<br \/>\nCet appareil peut traiter tous les cas des plus simples aux plus complexes. l\u2019adaptation est rapide. Une hygi\u00e8ne rigoureuse est n\u00e9cessaire mais l\u2019entretien est facilit\u00e9 par une bonne visibilit\u00e9 lors du brossage.<\/li>\n<\/ul>\n<table width=\"561\">\n<tbody>\n<tr>\n<td width=\"25%\">\u00a0<a href=\"http:\/\/dr-galievsky-mathilde.chirurgiens-dentistes.fr\/mystaging\/fiches-conseils\/344-2\/capture-decran-2014-01-10-a-11-22-02\/\" rel=\"attachment wp-att-332\"><img loading=\"lazy\" decoding=\"async\" class=\"alignright size-full wp-image-332\" src=\"http:\/\/dr-galievsky-mathilde.chirurgiens-dentistes.fr\/mystaging\/wp-content\/uploads\/2014\/01\/Capture-d\u2019e\u0301cran-2014-01-10-a\u0300-11.22.02.png\" alt=\"orthodontie adulte exemple\" width=\"271\" height=\"136\" \/><\/a><\/td>\n<td>\u00a0<a href=\"http:\/\/dr-galievsky-mathilde.chirurgiens-dentistes.fr\/mystaging\/fiches-conseils\/344-2\/capture3\/\" rel=\"attachment wp-att-160\"><img loading=\"lazy\" decoding=\"async\" class=\"alignright size-full wp-image-160\" src=\"http:\/\/dr-galievsky-mathilde.chirurgiens-dentistes.fr\/mystaging\/wp-content\/uploads\/2014\/01\/Capture3-e1389881726725.png\" alt=\"Orthodontie de l'adulte\" width=\"290\" height=\"197\" \/><\/a><\/td>\n<td width=\"100\"><\/td>\n<td><\/td>\n<td width=\"25%\"><\/td>\n<\/tr>\n<\/tbody>\n<\/table>\n<ul>\n<li><strong>&#8221; La technique invisible &#8221; avec utilisation de goutti\u00e8res transparentes type<\/strong> <strong>invisalign\u00ae<\/strong><br \/>\nC\u2019est une m\u00e9thode discr\u00e8te, confortable et pratiquement invisible, qui s\u2019appuie sur une technologie d\u2019imagerie num\u00e9rique permettant de fabriquer une s\u00e9rie de goutti\u00e8res sur mesure en plastique transparent.Le patient doit porter chaque goutti\u00e8re au moins 20h\/24 (sauf pour manger et se brosser les dents) pendant 15 jours, avant de passer \u00e0 la suivante. Les d\u00e9placements dentaires sont r\u00e9alis\u00e9s de mani\u00e8re progressive et efficace jusqu&#8217;\u00e0 la position finalerecherch\u00e9e.L\u2019adaptation est facile. Il n\u2019y a pas de g\u00eane lors de la mastication puisque l\u2019appareil est retir\u00e9 pendant les repas.\u00a0 La coop\u00e9ration et la motivation du patient sont indispensables : en effet l\u2019irr\u00e9gularit\u00e9 dans le port des goutti\u00e8res entra\u00eenera l\u2019\u00e9chec du traitement.<\/li>\n<\/ul>\n<table width=\"625\">\n<tbody>\n<tr>\n<td width=\"25%\">\u00a0<a href=\"http:\/\/dr-galievsky-mathilde.chirurgiens-dentistes.fr\/mystaging\/fiches-conseils\/traitement_orthodontie_adulte\/capture-decran-2014-02-04-a-12-39-08\/\" rel=\"attachment wp-att-419\"><img loading=\"lazy\" decoding=\"async\" class=\"aligncenter size-full wp-image-419\" src=\"http:\/\/dr-galievsky-mathilde.chirurgiens-dentistes.fr\/mystaging\/wp-content\/uploads\/2014\/01\/Capture-d\u2019e\u0301cran-2014-02-04-a\u0300-12.39.08.png\" alt=\"orthodontie gouti\u00e8re\" width=\"203\" height=\"161\" \/><\/a><\/td>\n<td>\u00a0<a href=\"http:\/\/dr-galievsky-mathilde.chirurgiens-dentistes.fr\/mystaging\/fiches-conseils\/traitement_orthodontie_adulte\/capture-decran-2014-02-04-a-12-38-54\/\" rel=\"attachment wp-att-422\"><img loading=\"lazy\" decoding=\"async\" class=\"alignleft size-full wp-image-422\" src=\"http:\/\/dr-galievsky-mathilde.chirurgiens-dentistes.fr\/mystaging\/wp-content\/uploads\/2014\/01\/Capture-d\u2019e\u0301cran-2014-02-04-a\u0300-12.38.54.png\" alt=\"gouti\u00e8re orthodontique\" width=\"200\" height=\"161\" \/><\/a><\/td>\n<td width=\"100\">\u00a0<a href=\"http:\/\/dr-galievsky-mathilde.chirurgiens-dentistes.fr\/mystaging\/fiches-conseils\/traitement_orthodontie_adulte\/capture-decran-2014-02-04-a-12-39-01\/\" rel=\"attachment wp-att-420\"><img loading=\"lazy\" decoding=\"async\" class=\"aligncenter size-full wp-image-420\" src=\"http:\/\/dr-galievsky-mathilde.chirurgiens-dentistes.fr\/mystaging\/wp-content\/uploads\/2014\/01\/Capture-d\u2019e\u0301cran-2014-02-04-a\u0300-12.39.01.png\" alt=\"bouche sans gouti\u00e8re\" width=\"206\" height=\"161\" \/><\/a><\/td>\n<td><\/td>\n<td width=\"100\"><\/td>\n<td><\/td>\n<td width=\"25%\"><\/td>\n<\/tr>\n<\/tbody>\n<\/table>\n<ul>\n<li><strong>L\u2019orthodontie linguale<\/strong><br \/>\nCette technique permet de traiter toutes les malpositions. Elle a fortement \u00e9volu\u00e9 ces derni\u00e8res ann\u00e9es gr\u00e2ce \u00e0 la conception et la r\u00e9alisation assist\u00e9es par ordinateur. Il s\u2019agit d\u2019attaches coll\u00e9es sur la face interne des dents, reli\u00e9es entre elles par des arcs sp\u00e9cialement mis en forme.L\u2019appareil est totalement invisible et est consid\u00e9r\u00e9 comme peu agressif pour les dents. Ce traitement demande cependant une hygi\u00e8ne stricte et des pr\u00e9cautions alimentaires pr\u00e9cises. Une p\u00e9riode d\u2019adaptation est n\u00e9cessaire.<\/li>\n<\/ul>\n<table>\n<tbody>\n<tr>\n<td width=\"25%\"><\/td>\n<td>\u00a0<a href=\"http:\/\/dr-galievsky-mathilde.chirurgiens-dentistes.fr\/mystaging\/fiches-conseils\/traitement_orthodontie_adulte\/capture-decran-2014-02-04-a-12-44-21\/\" rel=\"attachment wp-att-418\"><img loading=\"lazy\" decoding=\"async\" class=\"size-full wp-image-418\" style=\"margin-top: 10px; margin-bottom: 10px;\" src=\"http:\/\/dr-galievsky-mathilde.chirurgiens-dentistes.fr\/mystaging\/wp-content\/uploads\/2014\/01\/Capture-d\u2019e\u0301cran-2014-02-04-a\u0300-12.44.21.png\" alt=\"bagues int\u00e9rieurs\" width=\"321\" height=\"185\" srcset=\"https:\/\/dr-galievsky-mathilde.chirurgiens-dentistes.fr\/mystaging\/wp-content\/uploads\/2014\/01\/Capture-d\u2019e\u0301cran-2014-02-04-a\u0300-12.44.21.png 321w, https:\/\/dr-galievsky-mathilde.chirurgiens-dentistes.fr\/mystaging\/wp-content\/uploads\/2014\/01\/Capture-d\u2019e\u0301cran-2014-02-04-a\u0300-12.44.21-300x172.png 300w\" sizes=\"auto, (max-width: 321px) 100vw, 321px\" \/><\/a><\/td>\n<td width=\"100\">\u00a0<a href=\"http:\/\/dr-galievsky-mathilde.chirurgiens-dentistes.fr\/mystaging\/fiches-conseils\/traitement_orthodontie_adulte\/capture-decran-2014-02-04-a-12-43-45-2\/\" rel=\"attachment wp-att-421\"><img loading=\"lazy\" decoding=\"async\" class=\"size-full wp-image-421 aligncenter\" src=\"http:\/\/dr-galievsky-mathilde.chirurgiens-dentistes.fr\/mystaging\/wp-content\/uploads\/2014\/01\/Capture-d\u2019e\u0301cran-2014-02-04-a\u0300-12.43.451.png\" alt=\"orthodontie invisible\" width=\"217\" height=\"177\" \/><\/a><\/td>\n<td><\/td>\n<td width=\"25%\"><\/td>\n<\/tr>\n<\/tbody>\n<\/table>\n<ul>En r\u00e9sum\u00e9, afin de choisir la technique la mieux adapt\u00e9e il est important de prendre en compte:<\/p>\n<li>l\u2019objectif du traitement, les types d\u2019action possibles ou d\u00e9conseill\u00e9s (risque carieux, probl\u00e8me de gencive\u2026)<\/li>\n<li>la dur\u00e9e pr\u00e9visible<\/li>\n<li>les n\u00e9cessit\u00e9s professionnelles et l\u2019environnement personnel de chacun<\/li>\n<li>les habitudes d\u2019hygi\u00e8ne<\/li>\n<li>l\u2019investissement financier envisag\u00e9<\/li>\n<\/ul>\n","protected":false},"excerpt":{"rendered":"<p>L&#8217;orthodontie invisible Pour les grands adolescents ou les patients adultes le souci d\u2019esth\u00e9tique pendant le traitement est un \u00e9l\u00e9ment majeur \u00e0 prendre en compte. Cette orthodontie peut se faire de trois mani\u00e8res : Les attaches orthodontiques transparentes. Ce dispositif est plus discret que les bagues conventionnels mais pas invisible non plus. Cet appareil peut traiter&#8230;<\/p>\n","protected":false},"author":2,"featured_media":0,"parent":59,"menu_order":0,"comment_status":"closed","ping_status":"closed","template":"","meta":{"om_disable_all_campaigns":false,"_monsterinsights_skip_tracking":false,"_monsterinsights_sitenote_active":false,"_monsterinsights_sitenote_note":"","_monsterinsights_sitenote_category":0,"_kad_post_transparent":"","_kad_post_title":"","_kad_post_layout":"","_kad_post_sidebar_id":"","_kad_post_content_style":"","_kad_post_vertical_padding":"","_kad_post_feature":"","_kad_post_feature_position":"","_kad_post_header":false,"_kad_post_footer":false,"footnotes":""},"class_list":["post-344","page","type-page","status-publish","hentry"],"aioseo_notices":[],"_links":{"self":[{"href":"https:\/\/dr-galievsky-mathilde.chirurgiens-dentistes.fr\/mystaging\/wp-json\/wp\/v2\/pages\/344","targetHints":{"allow":["GET"]}}],"collection":[{"href":"https:\/\/dr-galievsky-mathilde.chirurgiens-dentistes.fr\/mystaging\/wp-json\/wp\/v2\/pages"}],"about":[{"href":"https:\/\/dr-galievsky-mathilde.chirurgiens-dentistes.fr\/mystaging\/wp-json\/wp\/v2\/types\/page"}],"author":[{"embeddable":true,"href":"https:\/\/dr-galievsky-mathilde.chirurgiens-dentistes.fr\/mystaging\/wp-json\/wp\/v2\/users\/2"}],"replies":[{"embeddable":true,"href":"https:\/\/dr-galievsky-mathilde.chirurgiens-dentistes.fr\/mystaging\/wp-json\/wp\/v2\/comments?post=344"}],"version-history":[{"count":29,"href":"https:\/\/dr-galievsky-mathilde.chirurgiens-dentistes.fr\/mystaging\/wp-json\/wp\/v2\/pages\/344\/revisions"}],"predecessor-version":[{"id":667,"href":"https:\/\/dr-galievsky-mathilde.chirurgiens-dentistes.fr\/mystaging\/wp-json\/wp\/v2\/pages\/344\/revisions\/667"}],"up":[{"embeddable":true,"href":"https:\/\/dr-galievsky-mathilde.chirurgiens-dentistes.fr\/mystaging\/wp-json\/wp\/v2\/pages\/59"}],"wp:attachment":[{"href":"https:\/\/dr-galievsky-mathilde.chirurgiens-dentistes.fr\/mystaging\/wp-json\/wp\/v2\/media?parent=344"}],"curies":[{"name":"wp","href":"https:\/\/api.w.org\/{rel}","templated":true}]}}