{"id":313,"date":"2014-01-14T22:44:48","date_gmt":"2014-01-14T22:44:48","guid":{"rendered":"http:\/\/dr-galievsky-mathilde.chirurgiens-dentistes.fr\/blog\/?page_id=313"},"modified":"2014-04-01T09:34:28","modified_gmt":"2014-04-01T09:34:28","slug":"traitement_orthodontie_adolescent","status":"publish","type":"page","link":"https:\/\/dr-galievsky-mathilde.chirurgiens-dentistes.fr\/mystaging\/fiches-conseils\/traitement_orthodontie_adolescent\/","title":{"rendered":"les traitements de l&#8217;adolescent"},"content":{"rendered":"<div id=\"conteneur_centre\">\n<h1 style=\"text-align: center;\">Les traitements de l&#8217;adolescent de 12 \u00e0 16 ans<\/h1>\n<p id=\"intro_article\">L&#8217;appareillage utilis\u00e9 est tr\u00e8s souvent un appareillage fixe aux deux arcades que l&#8217;on appelle commun\u00e9ment les bagues. Ce sont en fait de petites attaches coll\u00e9es sur toutes les dents d\u00e9finitives de l&#8217;adolescent.<\/p>\n<h2>Entre 12 et 16 ans : les traitements en denture d\u00e9finitive adulte jeune<\/h2>\n<p>A ce stade o\u00f9 toutes les dents d\u00e9finitives sont pr\u00e9sentes, il s\u2019agit surtout de corriger un probl\u00e8me d&#8217;alignement dentaire, \u00e0 l\u2019aide de bagues ( attaches coll\u00e9es sur les dents) mais \u00e9galement des probl\u00e8mes de d\u00e9calage dans les trois sens de l&#8217;espace. Il peut \u00eatre encore possible entre 12 et 14-15 ans, si l\u2019enfant a un potentiel de croissance, de corriger un d\u00e9calage des m\u00e2choires \u00e0 l\u2019aide d\u2019appareils fixe ou amovible (mais qui devra \u00eatre port\u00e9 plus de 12h par jour).<\/p>\n<p>Les traitements multi-bagues sont les plus courants \u00e0 cet \u00e2ge. On colle sur chaque dent des attaches appel\u00e9es \u00ab\u00a0brackets\u00a0\u00bb ou \u00ab\u00a0bagues\u00a0\u00bb. Dans ces attaches, un fil semi-rigide est ins\u00e9r\u00e9 et maintenu en place soit gr\u00e2ce \u00e0 un clapet pr\u00e9sent sur l&#8217;attache elle m\u00eame, soit \u00e0 l&#8217;aide d&#8217;une ligature \u00e9lastique ou en m\u00e9tal que l&#8217;orthodontiste change \u00e0 chaque rendez-vous. Ces bagues sont coll\u00e9es sur la face ext\u00e9rieure des dents (elles sont alors transparentes ou m\u00e9talliques), ou sur la face interne en orthodontie linguale.<\/p>\n<p>Il existe \u00e9galement une solution \u00e0 l\u2019aide de goutti\u00e8res, ayant un r\u00e9sultat similaire aux bagues mais qui n\u00e9cessite une grosse coop\u00e9ration de la part du patient, les goutti\u00e8res devant \u00eatre port\u00e9es 20h\/24. Les dents sont d\u00e9plac\u00e9es \u00e0 l\u2019aide de goutti\u00e8res en plastique transparentes. le patient change de goutti\u00e8res environ tous les 15 jours et \u00e0 chaque nouvelle goutti\u00e8re les dents se d\u00e9placent un peu jusqu&#8217;\u00e0 obtenir l&#8217;alignement optimal avec la derni\u00e8re goutti\u00e8re.<\/p>\n<figure id=\"attachment_425\" aria-describedby=\"caption-attachment-425\" style=\"width: 242px\" class=\"wp-caption aligncenter\"><a href=\"http:\/\/dr-galievsky-mathilde.chirurgiens-dentistes.fr\/mystaging\/fiches-conseils\/traitement-orthodontique-adolescent\/capture-decran-2014-02-04-a-13-02-10\/\" rel=\"attachment wp-att-425\"><img loading=\"lazy\" decoding=\"async\" class=\" wp-image-425 \" title=\"traitement orthodontique adolescent\" alt=\"traitement orthodontique adolescent\" src=\"http:\/\/dr-galievsky-mathilde.chirurgiens-dentistes.fr\/mystaging\/wp-content\/uploads\/2014\/01\/Capture-d\u2019e\u0301cran-2014-02-04-a\u0300-13.02.10.png\" width=\"242\" height=\"200\" srcset=\"https:\/\/dr-galievsky-mathilde.chirurgiens-dentistes.fr\/mystaging\/wp-content\/uploads\/2014\/01\/Capture-d\u2019e\u0301cran-2014-02-04-a\u0300-13.02.10.png 403w, https:\/\/dr-galievsky-mathilde.chirurgiens-dentistes.fr\/mystaging\/wp-content\/uploads\/2014\/01\/Capture-d\u2019e\u0301cran-2014-02-04-a\u0300-13.02.10-300x248.png 300w\" sizes=\"auto, (max-width: 242px) 100vw, 242px\" \/><\/a><figcaption id=\"caption-attachment-425\" class=\"wp-caption-text\">exemple traitement orthodontique adolescent<\/figcaption><\/figure>\n<figure id=\"attachment_330\" aria-describedby=\"caption-attachment-330\" style=\"width: 143px\" class=\"wp-caption aligncenter\"><a href=\"http:\/\/dr-galievsky-mathilde.chirurgiens-dentistes.fr\/mystaging\/fiches-conseils\/traitement-orthodontique-adolescent\/capture-decran-2014-01-10-a-11-21-32-2\/\" rel=\"attachment wp-att-330\"><img loading=\"lazy\" decoding=\"async\" class=\"size-full wp-image-330 \" title=\"traitement orthodontique adolescent\" alt=\"traitement orthodontique adolescent\" src=\"http:\/\/dr-galievsky-mathilde.chirurgiens-dentistes.fr\/mystaging\/wp-content\/uploads\/2014\/01\/Capture-d\u2019e\u0301cran-2014-01-10-a\u0300-11.21.321.png\" width=\"143\" height=\"157\" \/><\/a><figcaption id=\"caption-attachment-330\" class=\"wp-caption-text\">traitement orthodontique adolescent<\/figcaption><\/figure>\n<p style=\"text-align: left;\">\u00a0Nous avons vu les probl\u00e8mes d&#8217;encombrement dentaires et de d\u00e9calages des m\u00e2choires mais nous n&#8217;avons pas encore vu les anomalies de nombre ou de dents incluses.<\/p>\n<p><strong>1) Anomalie de nombre par d\u00e9faut<\/strong>: il manque des dents d\u00e9finitives on appelle cela une ag\u00e9n\u00e9sie. Dans la plus part des cas il s\u2019agit d\u2019ag\u00e9n\u00e9sie des incisives lat\u00e9rales, que l&#8217;on va soit remplac\u00e9es par des canines. Les dents pr\u00e9sentes sont alors d\u00e9plac\u00e9es \u00e0 l\u2019aide d\u2019un dispositif fixe et les espaces correspondant aux dents absentes sont ainsi ferm\u00e9s. A l\u2019issue du traitement, la morphologie de ces canines est modifi\u00e9e pour atteindre un meilleur rendu esth\u00e9tique.<br \/>\nL&#8217;autre solution est de remplacer la dent absente par de la proth\u00e8se ou par des implants.<\/p>\n<p><strong>2)Dents incluses<\/strong><br \/>\nCe sont des dents qui restent bloqu\u00e9es \u00e0 l\u2019int\u00e9rieur de la m\u00e2choire (manque de place, mauvaise orientation, pr\u00e9sence de dents de lait ayant entrav\u00e9e l\u2019\u00e9ruption d\u2019une dent d\u00e9finitive\u2026). Elle concerne le plus souvent les canines.<\/p>\n<p>L\u2019intervention d\u2019un chirurgien-dentiste pour acc\u00e9der \u00e0 la dent incluse peut \u00eatre n\u00e9cessaire. Avec la pose d\u2019un dispositif fixe, la dent est ensuite guid\u00e9e dans son \u00e9volution et ramen\u00e9e dans sa position normale. Dans certains cas assez rares l\u2019extraction de la dent incluse est recommand\u00e9e.<\/p>\n<\/div>\n<div id=\"panel_photos\">\n<table width=\"625\" border=\"0\" cellspacing=\"0\" cellpadding=\"0\">\n<tbody>\n<tr>\n<td valign=\"top\">\u00a0<\/td>\n<\/tr>\n<tr>\n<td valign=\"center\">\u00a0<\/td>\n<\/tr>\n<\/tbody>\n<\/table>\n<\/div>\n","protected":false},"excerpt":{"rendered":"<p>Les traitements de l&#8217;adolescent de 12 \u00e0 16 ans L&#8217;appareillage utilis\u00e9 est tr\u00e8s souvent un appareillage fixe aux deux arcades que l&#8217;on appelle commun\u00e9ment les bagues. Ce sont en fait de petites attaches coll\u00e9es sur toutes les dents d\u00e9finitives de l&#8217;adolescent. Entre 12 et 16 ans : les traitements en denture d\u00e9finitive adulte jeune A&#8230;<\/p>\n","protected":false},"author":2,"featured_media":0,"parent":59,"menu_order":0,"comment_status":"closed","ping_status":"closed","template":"","meta":{"om_disable_all_campaigns":false,"_monsterinsights_skip_tracking":false,"_monsterinsights_sitenote_active":false,"_monsterinsights_sitenote_note":"","_monsterinsights_sitenote_category":0,"_kad_post_transparent":"","_kad_post_title":"","_kad_post_layout":"","_kad_post_sidebar_id":"","_kad_post_content_style":"","_kad_post_vertical_padding":"","_kad_post_feature":"","_kad_post_feature_position":"","_kad_post_header":false,"_kad_post_footer":false,"footnotes":""},"class_list":["post-313","page","type-page","status-publish","hentry"],"aioseo_notices":[],"_links":{"self":[{"href":"https:\/\/dr-galievsky-mathilde.chirurgiens-dentistes.fr\/mystaging\/wp-json\/wp\/v2\/pages\/313","targetHints":{"allow":["GET"]}}],"collection":[{"href":"https:\/\/dr-galievsky-mathilde.chirurgiens-dentistes.fr\/mystaging\/wp-json\/wp\/v2\/pages"}],"about":[{"href":"https:\/\/dr-galievsky-mathilde.chirurgiens-dentistes.fr\/mystaging\/wp-json\/wp\/v2\/types\/page"}],"author":[{"embeddable":true,"href":"https:\/\/dr-galievsky-mathilde.chirurgiens-dentistes.fr\/mystaging\/wp-json\/wp\/v2\/users\/2"}],"replies":[{"embeddable":true,"href":"https:\/\/dr-galievsky-mathilde.chirurgiens-dentistes.fr\/mystaging\/wp-json\/wp\/v2\/comments?post=313"}],"version-history":[{"count":17,"href":"https:\/\/dr-galievsky-mathilde.chirurgiens-dentistes.fr\/mystaging\/wp-json\/wp\/v2\/pages\/313\/revisions"}],"predecessor-version":[{"id":644,"href":"https:\/\/dr-galievsky-mathilde.chirurgiens-dentistes.fr\/mystaging\/wp-json\/wp\/v2\/pages\/313\/revisions\/644"}],"up":[{"embeddable":true,"href":"https:\/\/dr-galievsky-mathilde.chirurgiens-dentistes.fr\/mystaging\/wp-json\/wp\/v2\/pages\/59"}],"wp:attachment":[{"href":"https:\/\/dr-galievsky-mathilde.chirurgiens-dentistes.fr\/mystaging\/wp-json\/wp\/v2\/media?parent=313"}],"curies":[{"name":"wp","href":"https:\/\/api.w.org\/{rel}","templated":true}]}}