{"id":281,"date":"2014-01-14T19:16:18","date_gmt":"2014-01-14T19:16:18","guid":{"rendered":"http:\/\/dr-galievsky-mathilde.chirurgiens-dentistes.fr\/blog\/?page_id=281"},"modified":"2014-02-28T16:54:26","modified_gmt":"2014-02-28T16:54:26","slug":"traitement_orthodontie_enfant","status":"publish","type":"page","link":"https:\/\/dr-galievsky-mathilde.chirurgiens-dentistes.fr\/mystaging\/fiches-conseils\/traitement_orthodontie_enfant\/","title":{"rendered":"Traitement de l&#8217;enfant"},"content":{"rendered":"<div id=\"conteneur_centre\">\n<h1>Les traitements pr\u00e9coces pour les enfants de 7 \u00e0 10 ans<\/h1>\n<p id=\"intro_article\">Le traitement orthodontique peut \u00eatre effectu\u00e9 en denture mixte lorsque les dents de lait cohabitent avec des dents d\u00e9finitives.<\/p>\n<p>Ensuite, de nombreuses consultations sont li\u00e9es \u00e0 une <strong>succion du pouce persistante<\/strong>, n\u00e9faste au-del\u00e0 de l\u2019\u00e2ge de 6 ans. Diff\u00e9rents conseils et moyens d\u2019approche vous seront propos\u00e9s. En effet, il peut se produire un manque de d\u00e9veloppement transversal du maxillaire, <strong>\u00ab\u00a0m\u00e2choire trop \u00e9troite \u00bb<\/strong>, souvent li\u00e9e \u00e0 la succion du pouce ou de la t\u00e9tine, soignable d\u00e8s l\u2019\u00e9volution des molaires de 6 ans et l&#8217;arriv\u00e9e d&#8217;au moins 2 incisives sup\u00e9rieures d\u00e9finitives. D\u2019autres traitements sont destin\u00e9s \u00e0 corriger des anomalies du d\u00e9veloppement maxillaire.<\/p>\n<p>\u00a0<a href=\"http:\/\/dr-galievsky-mathilde.chirurgiens-dentistes.fr\/mystaging\/fiches-conseils\/traitement-orthodontique-enfant\/capture-decran-2014-02-04-a-13-05-12\/\" rel=\"attachment wp-att-429\"><img loading=\"lazy\" decoding=\"async\" class=\"size-thumbnail wp-image-429 alignleft\" alt=\"Appareil orthodontique amovible\" src=\"http:\/\/dr-galievsky-mathilde.chirurgiens-dentistes.fr\/mystaging\/wp-content\/uploads\/2014\/01\/Capture-d\u2019e\u0301cran-2014-02-04-a\u0300-13.05.12-150x150.png\" width=\"200\" height=\"206\" \/><\/a><\/p>\n<p><a href=\"http:\/\/dr-galievsky-mathilde.chirurgiens-dentistes.fr\/mystaging\/fiches-conseils\/traitement-orthodontique-enfant\/capture-decran-2014-02-04-a-13-06-02\/\" rel=\"attachment wp-att-428\"><img loading=\"lazy\" decoding=\"async\" class=\"size-medium wp-image-428\" alt=\"Appareil orthodontique amovible\" src=\"http:\/\/dr-galievsky-mathilde.chirurgiens-dentistes.fr\/mystaging\/wp-content\/uploads\/2014\/01\/Capture-d\u2019e\u0301cran-2014-02-04-a\u0300-13.06.02-300x193.png\" width=\"300\" height=\"193\" \/><\/a><\/p>\n<p>\u00a0\u00a0Il arrive que <strong>les incisives<\/strong> \u00e9voluent dans une mauvaise position. D\u00e8s que les incisives du haut et du bas sont sorties, il est possible de d\u00e9pister et traiter des rapports d\u2019occlusion invers\u00e9s.<\/p>\n<p><strong>Dans le cas de perte pr\u00e9matur\u00e9e ou d\u2019extraction pr\u00e9coce des dents de lait<\/strong> (abc\u00e8s ou caries importantes) il est souvent n\u00e9cessaire de maintenir la place, afin d\u2019 \u00e9viter que les dents adjacentes ne basculent vers l\u2019espace de l\u2019extraction et ne prennent la place des dents d\u00e9finitives \u00e0 venir.<\/p>\n<p>En denture temporaire, on utilise souvent des appareils amovibles en r\u00e9sine, avec au plus un fil passant devant les incisives du haut. Les appareils amovibles peuvent \u00e9galement \u00eatre en silicone souple, pour am\u00e9liorer les fonctions orales avec une action sur les muscles des l\u00e8vres et de la langue. On peut utiliser \u00e9galement des appareils fixes.<\/p>\n<p><a href=\"http:\/\/dr-galievsky-mathilde.chirurgiens-dentistes.fr\/mystaging\/fiches-conseils\/traitement-orthodontique-enfant\/capture-decran-2014-02-04-a-13-09-47\/\" rel=\"attachment wp-att-430\"><img loading=\"lazy\" decoding=\"async\" class=\"alignright size-medium wp-image-430\" alt=\"Appareil orthodontique fixe\" src=\"http:\/\/dr-galievsky-mathilde.chirurgiens-dentistes.fr\/mystaging\/wp-content\/uploads\/2014\/01\/Capture-d\u2019e\u0301cran-2014-02-04-a\u0300-13.09.47-300x227.png\" width=\"300\" height=\"227\" srcset=\"https:\/\/dr-galievsky-mathilde.chirurgiens-dentistes.fr\/mystaging\/wp-content\/uploads\/2014\/01\/Capture-d\u2019e\u0301cran-2014-02-04-a\u0300-13.09.47-300x227.png 300w, https:\/\/dr-galievsky-mathilde.chirurgiens-dentistes.fr\/mystaging\/wp-content\/uploads\/2014\/01\/Capture-d\u2019e\u0301cran-2014-02-04-a\u0300-13.09.47.png 581w\" sizes=\"auto, (max-width: 300px) 100vw, 300px\" \/><\/a><\/p>\n<p>\u00a0<a href=\"http:\/\/dr-galievsky-mathilde.chirurgiens-dentistes.fr\/mystaging\/fiches-conseils\/traitement-orthodontique-enfant\/capture-decran-2014-02-04-a-13-09-27\/\" rel=\"attachment wp-att-431\"><img loading=\"lazy\" decoding=\"async\" class=\"size-medium wp-image-431\" alt=\"Appareil orthodontique fixe\" src=\"http:\/\/dr-galievsky-mathilde.chirurgiens-dentistes.fr\/mystaging\/wp-content\/uploads\/2014\/01\/Capture-d\u2019e\u0301cran-2014-02-04-a\u0300-13.09.27-300x177.png\" width=\"300\" height=\"177\" srcset=\"https:\/\/dr-galievsky-mathilde.chirurgiens-dentistes.fr\/mystaging\/wp-content\/uploads\/2014\/01\/Capture-d\u2019e\u0301cran-2014-02-04-a\u0300-13.09.27-300x177.png 300w, https:\/\/dr-galievsky-mathilde.chirurgiens-dentistes.fr\/mystaging\/wp-content\/uploads\/2014\/01\/Capture-d\u2019e\u0301cran-2014-02-04-a\u0300-13.09.27.png 613w\" sizes=\"auto, (max-width: 300px) 100vw, 300px\" \/><\/a><\/p>\n<p>&nbsp;<\/p>\n<p>\u00a0Cette phase dite d\u2019interception est fondamentale car elle permet de stopper l\u2019\u00e9volution d\u2019un probl\u00e8me orthodontique et d\u2019obtenir une croissance harmonieuse.<\/p>\n<p>A cette p\u00e9riode il peut exister un chevauchement des dents, une \u00e9troitesse de la m\u00e2choire emp\u00eachant l\u2019\u00e9ruption de dents d\u00e9finitives ou un probl\u00e8me de d\u00e9calage (dans les trois sens de l\u2019espace) entre la m\u00e2choire sup\u00e9rieure et inf\u00e9rieure :<\/p>\n<ul>\n<li>d\u00e9calage dans le sens avant-arri\u00e8re (ant\u00e9ropost\u00e9rieur).<\/li>\n<li>d\u00e9calage transversal (d\u00e9viation de la m\u00e2choire).<\/li>\n<li>d\u00e9calage vertical : b\u00e9ance ou non-contact entre les incisives des m\u00e2choires sup\u00e9rieure et inf\u00e9rieure<\/li>\n<\/ul>\n<p>Ces traitements utilisent la p\u00e9riode de croissance de la m\u00e2choire pour en rectifier les malformations et ne doivent pas d\u00e9passer 18 mois de traitement au maximum.<\/p>\n<\/div>\n","protected":false},"excerpt":{"rendered":"<p>Les traitements pr\u00e9coces pour les enfants de 7 \u00e0 10 ans Le traitement orthodontique peut \u00eatre effectu\u00e9 en denture mixte lorsque les dents de lait cohabitent avec des dents d\u00e9finitives. Ensuite, de nombreuses consultations sont li\u00e9es \u00e0 une succion du pouce persistante, n\u00e9faste au-del\u00e0 de l\u2019\u00e2ge de 6 ans. Diff\u00e9rents conseils et moyens d\u2019approche vous&#8230;<\/p>\n","protected":false},"author":1,"featured_media":0,"parent":59,"menu_order":0,"comment_status":"closed","ping_status":"closed","template":"","meta":{"om_disable_all_campaigns":false,"_monsterinsights_skip_tracking":false,"_monsterinsights_sitenote_active":false,"_monsterinsights_sitenote_note":"","_monsterinsights_sitenote_category":0,"_kad_post_transparent":"","_kad_post_title":"","_kad_post_layout":"","_kad_post_sidebar_id":"","_kad_post_content_style":"","_kad_post_vertical_padding":"","_kad_post_feature":"","_kad_post_feature_position":"","_kad_post_header":false,"_kad_post_footer":false,"footnotes":""},"class_list":["post-281","page","type-page","status-publish","hentry"],"aioseo_notices":[],"_links":{"self":[{"href":"https:\/\/dr-galievsky-mathilde.chirurgiens-dentistes.fr\/mystaging\/wp-json\/wp\/v2\/pages\/281","targetHints":{"allow":["GET"]}}],"collection":[{"href":"https:\/\/dr-galievsky-mathilde.chirurgiens-dentistes.fr\/mystaging\/wp-json\/wp\/v2\/pages"}],"about":[{"href":"https:\/\/dr-galievsky-mathilde.chirurgiens-dentistes.fr\/mystaging\/wp-json\/wp\/v2\/types\/page"}],"author":[{"embeddable":true,"href":"https:\/\/dr-galievsky-mathilde.chirurgiens-dentistes.fr\/mystaging\/wp-json\/wp\/v2\/users\/1"}],"replies":[{"embeddable":true,"href":"https:\/\/dr-galievsky-mathilde.chirurgiens-dentistes.fr\/mystaging\/wp-json\/wp\/v2\/comments?post=281"}],"version-history":[{"count":14,"href":"https:\/\/dr-galievsky-mathilde.chirurgiens-dentistes.fr\/mystaging\/wp-json\/wp\/v2\/pages\/281\/revisions"}],"predecessor-version":[{"id":597,"href":"https:\/\/dr-galievsky-mathilde.chirurgiens-dentistes.fr\/mystaging\/wp-json\/wp\/v2\/pages\/281\/revisions\/597"}],"up":[{"embeddable":true,"href":"https:\/\/dr-galievsky-mathilde.chirurgiens-dentistes.fr\/mystaging\/wp-json\/wp\/v2\/pages\/59"}],"wp:attachment":[{"href":"https:\/\/dr-galievsky-mathilde.chirurgiens-dentistes.fr\/mystaging\/wp-json\/wp\/v2\/media?parent=281"}],"curies":[{"name":"wp","href":"https:\/\/api.w.org\/{rel}","templated":true}]}}