{"id":1207,"date":"2025-01-30T14:49:58","date_gmt":"2025-01-30T13:49:58","guid":{"rendered":"https:\/\/dr-galievsky-mathilde.chirurgiens-dentistes.fr\/mystaging\/?page_id=1207"},"modified":"2025-02-04T09:33:11","modified_gmt":"2025-02-04T08:33:11","slug":"mentions-legales-et-gdpr","status":"publish","type":"page","link":"https:\/\/dr-galievsky-mathilde.chirurgiens-dentistes.fr\/mystaging\/mentions-legales-et-gdpr\/","title":{"rendered":"Donn\u00e9es personnelles"},"content":{"rendered":"\n<p>en cours de r\u00e9alisation <\/p>\n\n\n<style>.kb-row-layout-id1207_ea233d-e3 > .kt-row-column-wrap{align-content:start;}:where(.kb-row-layout-id1207_ea233d-e3 > .kt-row-column-wrap) > .wp-block-kadence-column{justify-content:start;}.kb-row-layout-id1207_ea233d-e3 > .kt-row-column-wrap{column-gap:var(--global-kb-gap-md, 2rem);row-gap:var(--global-kb-gap-md, 2rem);padding-top:var(--global-kb-spacing-sm, 1.5rem);padding-bottom:var(--global-kb-spacing-sm, 1.5rem);grid-template-columns:minmax(0, 1fr);}.kb-row-layout-id1207_ea233d-e3 > .kt-row-layout-overlay{opacity:0.30;}@media all and (max-width: 1024px){.kb-row-layout-id1207_ea233d-e3 > .kt-row-column-wrap{grid-template-columns:minmax(0, 1fr);}}@media all and (max-width: 767px){.kb-row-layout-id1207_ea233d-e3 > .kt-row-column-wrap{grid-template-columns:minmax(0, 1fr);}}<\/style><div class=\"kb-row-layout-wrap kb-row-layout-id1207_ea233d-e3 alignnone wp-block-kadence-rowlayout\"><div class=\"kt-row-column-wrap kt-has-2-columns kt-row-layout-row kt-tab-layout-inherit kt-mobile-layout-row kt-row-valign-top\">\n<style>.kadence-column1207_8110a7-1e > .kt-inside-inner-col,.kadence-column1207_8110a7-1e > .kt-inside-inner-col:before{border-top-left-radius:0px;border-top-right-radius:0px;border-bottom-right-radius:0px;border-bottom-left-radius:0px;}.kadence-column1207_8110a7-1e > .kt-inside-inner-col{column-gap:var(--global-kb-gap-sm, 1rem);}.kadence-column1207_8110a7-1e > .kt-inside-inner-col{flex-direction:column;}.kadence-column1207_8110a7-1e > .kt-inside-inner-col > .aligncenter{width:100%;}.kadence-column1207_8110a7-1e > .kt-inside-inner-col:before{opacity:0.3;}.kadence-column1207_8110a7-1e{position:relative;}@media all and (max-width: 1024px){.kadence-column1207_8110a7-1e > .kt-inside-inner-col{flex-direction:column;}}@media all and (max-width: 767px){.kadence-column1207_8110a7-1e > .kt-inside-inner-col{flex-direction:column;}}<\/style>\n<div class=\"wp-block-kadence-column kadence-column1207_8110a7-1e\"><div class=\"kt-inside-inner-col\"><style>.wp-block-kadence-advancedheading.kt-adv-heading1207_171ee6-58, .wp-block-kadence-advancedheading.kt-adv-heading1207_171ee6-58[data-kb-block=\"kb-adv-heading1207_171ee6-58\"]{text-align:center;font-style:normal;}.wp-block-kadence-advancedheading.kt-adv-heading1207_171ee6-58 mark.kt-highlight, .wp-block-kadence-advancedheading.kt-adv-heading1207_171ee6-58[data-kb-block=\"kb-adv-heading1207_171ee6-58\"] mark.kt-highlight{font-style:normal;color:#f76a0c;-webkit-box-decoration-break:clone;box-decoration-break:clone;padding-top:0px;padding-right:0px;padding-bottom:0px;padding-left:0px;}<\/style>\n<h2 class=\"kt-adv-heading1207_171ee6-58 wp-block-kadence-advancedheading\" data-kb-block=\"kb-adv-heading1207_171ee6-58\">En application du RGPD du 25 mai 2018<\/h2>\n<\/div><\/div>\n\n\n<style>.kadence-column1207_3cc38a-03 > .kt-inside-inner-col,.kadence-column1207_3cc38a-03 > .kt-inside-inner-col:before{border-top-left-radius:0px;border-top-right-radius:0px;border-bottom-right-radius:0px;border-bottom-left-radius:0px;}.kadence-column1207_3cc38a-03 > .kt-inside-inner-col{column-gap:var(--global-kb-gap-sm, 1rem);}.kadence-column1207_3cc38a-03 > .kt-inside-inner-col{flex-direction:column;}.kadence-column1207_3cc38a-03 > .kt-inside-inner-col > .aligncenter{width:100%;}.kadence-column1207_3cc38a-03 > .kt-inside-inner-col:before{opacity:0.3;}.kadence-column1207_3cc38a-03{position:relative;}@media all and (max-width: 1024px){.kadence-column1207_3cc38a-03 > .kt-inside-inner-col{flex-direction:column;}}@media all and (max-width: 767px){.kadence-column1207_3cc38a-03 > .kt-inside-inner-col{flex-direction:column;}}<\/style>\n<div class=\"wp-block-kadence-column kadence-column1207_3cc38a-03\"><div class=\"kt-inside-inner-col\"><style>.wp-block-kadence-advancedheading.kt-adv-heading1207_4146e0-05, .wp-block-kadence-advancedheading.kt-adv-heading1207_4146e0-05[data-kb-block=\"kb-adv-heading1207_4146e0-05\"]{font-style:normal;}.wp-block-kadence-advancedheading.kt-adv-heading1207_4146e0-05 mark.kt-highlight, .wp-block-kadence-advancedheading.kt-adv-heading1207_4146e0-05[data-kb-block=\"kb-adv-heading1207_4146e0-05\"] mark.kt-highlight{font-style:normal;color:#f76a0c;-webkit-box-decoration-break:clone;box-decoration-break:clone;padding-top:0px;padding-right:0px;padding-bottom:0px;padding-left:0px;}<\/style>\n<p class=\"kt-adv-heading1207_4146e0-05 wp-block-kadence-advancedheading\" data-kb-block=\"kb-adv-heading1207_4146e0-05\">Afin d&#8217;assurer votre suivi m\u00e9dical et de vous garantir la prise en charge la plus adapt\u00e9e \u00e0 votre \u00e9tat de sant\u00e9, votre orthodontiste est amen\u00e9 \u00e0 recueillir et \u00e0 conserver dans un dossuer des informations sur votre sant\u00e9. <\/p>\n\n\n\n<p>Ce dossier garantit la continuit\u00e9 de votre prise en charge et r\u00e9pond \u00e0 l&#8217;exigence de d\u00e9livrer des soins appropri\u00e9s. <\/p>\n\n\n\n<p>Il est conserv\u00e9 pendant 20 ans \u00e0 compter de la date anniversaire de votre derni\u00e8re consultation. Toutefois, si cette dur\u00e9e s&#8217;ach\u00e8ve avant votre vingt huiti\u00e8me anniversaire, la conservation du dossier se poursuivra jusqu&#8217;\u00e0 cette date. <\/p>\n\n\n\n<p>Seuls ont acc\u00e8s aux informations figurant dans votre dossier: <\/p>\n\n\n\n<ul class=\"wp-block-list\">\n<li>Votre orthodontiste<\/li>\n\n\n\n<li>Et dans une certaine mesure, et au regard des missions qu&#8217;il exerce, son personnel<\/li>\n<\/ul>\n\n\n\n<p>Avec votre consentement, votre orthodontiste pourra transmettre \u00e0 d&#8217;autres professionnels de sant\u00e9 des informations concernant votre \u00e9tat de sant\u00e9. <\/p>\n\n\n\n<p>Afin de permettre la facturation des actes qu&#8217;il r\u00e9alise, votre orthodontiste est \u00e9galement amen\u00e9 \u00e0 t\u00e9l\u00e9transmettre des feuilles de soins \u00e0 votre caisse de s\u00e9curit\u00e9 sociale. <\/p>\n\n\n\n<p>Vous pouvez acc\u00e9dr aux informations figurant dans votre dossier. <\/p>\n\n\n\n<p>Vous disposez aussi, et sous certaines conditions, de droites de rectification et d&#8217;effacement de ces informations ou du droit de vous opposer ou de limiter leur utilisation. <\/p>\n\n\n\n<p>Pour toute question relative \u00e0 la protection de vos donn\u00e9es ou pour exercer vos droits, vous pouvez vous adresser directement \u00e0 votre orthodontiste. En cas de difficult\u00e9s, vous pouvez \u00e9galement saisir la Commission Nationale de l&#8217;Informatique et des Libert\u00e9s (CNIL) d&#8217;une r\u00e9clamation. <\/p>\n<\/div><\/div>\n\n<\/div><\/div>\n\n\n<p><\/p>\n","protected":false},"excerpt":{"rendered":"<p>en cours de r\u00e9alisation En application du RGPD du 25 mai 2018 Afin d&#8217;assurer votre suivi m\u00e9dical et de vous garantir la prise en charge la plus adapt\u00e9e \u00e0 votre \u00e9tat de sant\u00e9, votre orthodontiste est amen\u00e9 \u00e0 recueillir et \u00e0 conserver dans un dossuer des informations sur votre sant\u00e9. Ce dossier garantit la continuit\u00e9&#8230;<\/p>\n","protected":false},"author":2,"featured_media":0,"parent":0,"menu_order":0,"comment_status":"closed","ping_status":"closed","template":"","meta":{"om_disable_all_campaigns":false,"_monsterinsights_skip_tracking":false,"_monsterinsights_sitenote_active":false,"_monsterinsights_sitenote_note":"","_monsterinsights_sitenote_category":0,"_kad_post_transparent":"","_kad_post_title":"","_kad_post_layout":"","_kad_post_sidebar_id":"","_kad_post_content_style":"","_kad_post_vertical_padding":"","_kad_post_feature":"","_kad_post_feature_position":"","_kad_post_header":false,"_kad_post_footer":false,"footnotes":""},"class_list":["post-1207","page","type-page","status-publish","hentry"],"aioseo_notices":[],"_links":{"self":[{"href":"https:\/\/dr-galievsky-mathilde.chirurgiens-dentistes.fr\/mystaging\/wp-json\/wp\/v2\/pages\/1207","targetHints":{"allow":["GET"]}}],"collection":[{"href":"https:\/\/dr-galievsky-mathilde.chirurgiens-dentistes.fr\/mystaging\/wp-json\/wp\/v2\/pages"}],"about":[{"href":"https:\/\/dr-galievsky-mathilde.chirurgiens-dentistes.fr\/mystaging\/wp-json\/wp\/v2\/types\/page"}],"author":[{"embeddable":true,"href":"https:\/\/dr-galievsky-mathilde.chirurgiens-dentistes.fr\/mystaging\/wp-json\/wp\/v2\/users\/2"}],"replies":[{"embeddable":true,"href":"https:\/\/dr-galievsky-mathilde.chirurgiens-dentistes.fr\/mystaging\/wp-json\/wp\/v2\/comments?post=1207"}],"version-history":[{"count":6,"href":"https:\/\/dr-galievsky-mathilde.chirurgiens-dentistes.fr\/mystaging\/wp-json\/wp\/v2\/pages\/1207\/revisions"}],"predecessor-version":[{"id":1528,"href":"https:\/\/dr-galievsky-mathilde.chirurgiens-dentistes.fr\/mystaging\/wp-json\/wp\/v2\/pages\/1207\/revisions\/1528"}],"wp:attachment":[{"href":"https:\/\/dr-galievsky-mathilde.chirurgiens-dentistes.fr\/mystaging\/wp-json\/wp\/v2\/media?parent=1207"}],"curies":[{"name":"wp","href":"https:\/\/api.w.org\/{rel}","templated":true}]}}